{"id":351,"date":"2022-02-02T10:44:19","date_gmt":"2022-02-02T10:44:19","guid":{"rendered":"https:\/\/iolandaandrade.com\/homepage\/"},"modified":"2022-02-22T15:22:55","modified_gmt":"2022-02-22T15:22:55","slug":"homepage","status":"publish","type":"page","link":"https:\/\/iolandaandrade.com\/en\/","title":{"rendered":"Homepage"},"content":{"rendered":"\n<div class=\"wp-block-cover alignfull hp-cover\"><span aria-hidden=\"true\" class=\"has-background-dim-20 wp-block-cover__gradient-background has-background-dim\"><\/span><img decoding=\"async\" width=\"1920\" height=\"1280\" class=\"wp-block-cover__image-background wp-image-61\" alt=\"Iolanda Andrade - Lawyer\" src=\"https:\/\/iolandaandrade.com\/wp-content\/uploads\/2022\/02\/ioolanda_andrade.webp\" style=\"object-position:60% 19%\" data-object-fit=\"cover\" data-object-position=\"60% 19%\" srcset=\"https:\/\/iolandaandrade.com\/wp-content\/uploads\/2022\/02\/ioolanda_andrade.webp 1920w, https:\/\/iolandaandrade.com\/wp-content\/uploads\/2022\/02\/ioolanda_andrade-650x433.webp 650w, https:\/\/iolandaandrade.com\/wp-content\/uploads\/2022\/02\/ioolanda_andrade-1024x683.webp 1024w, https:\/\/iolandaandrade.com\/wp-content\/uploads\/2022\/02\/ioolanda_andrade-768x512.webp 768w, https:\/\/iolandaandrade.com\/wp-content\/uploads\/2022\/02\/ioolanda_andrade-1536x1024.webp 1536w\" sizes=\"(max-width: 1920px) 100vw, 1920px\" \/><div class=\"wp-block-cover__inner-container is-layout-flow wp-block-cover-is-layout-flow\">\n<h2 class=\"has-text-align-left has-palette-color-2-color has-text-color wp-block-heading\"><\/h2>\n<\/div><\/div>\n\n\n\n<div class=\"wp-block-group hp-text-group has-palette-color-5-background-color has-background is-layout-flow wp-block-group-is-layout-flow\">\n<h1 class=\"wp-block-heading\" id=\"advogada-de-imigracao-e-nacionalidade-portuguesa\">Portuguese immigration and citizenship lawyer<\/h1>\n\n\n\n<p>Aware of the value that moving to another country has for the client, our office provides migratory legal consultancy services and personalized legal advice for those who wish to legally reside in Portugal and for those wishing to acquire Portuguese Citizenship, always looking for excellence, prompt and personalized service.<\/p>\n\n\n\n<p>We assist in the process of Residence Permit at SEF and in the process of applying for Portuguese Citizenship.<\/p>\n\n\n\n<p>We also provide a wide range of services to support integration and residency in Portugal, such as Portuguese tax number (NIF), social security number, driving license exchange, company registration, foreign judgment review, among others.<\/p>\n\n\n\n<div style=\"height:50px\" aria-hidden=\"true\" class=\"wp-block-spacer\"><\/div>\n\n\n\n<div class=\"wp-block-buttons is-layout-flex wp-block-buttons-is-layout-flex\">\n<div class=\"wp-block-button aligncenter\"><a class=\"wp-block-button__link\" href=\"https:\/\/iolandaandrade.com\/en\/services\/\">OUR SERVICES<\/a><\/div>\n<\/div>\n<\/div>\n\n\n\n<div style=\"height:80px\" aria-hidden=\"true\" class=\"wp-block-spacer\"><\/div>\n\n\n\n<div class=\"wp-block-columns is-layout-flex wp-container-core-columns-is-layout-28f84493 wp-block-columns-is-layout-flex\">\n<div class=\"wp-block-column is-layout-flow wp-block-column-is-layout-flow\" style=\"flex-basis:60%\">\n<h3 class=\"wp-block-heading\" id=\"mantenha-se-actualizado-com-os-nossos-artigos\">Keep yourself updated with our legal articles<\/h3>\n\n\n<ul class=\"wp-block-latest-posts__list has-dates wp-block-latest-posts\"><li><div class=\"wp-block-latest-posts__featured-image alignleft\"><a href=\"https:\/\/iolandaandrade.com\/en\/contribuicao-no-artigo-do-jornal-cbc-canada\/\" aria-label=\"Contribution to CBC News &#8211; Canadian Broadcasting Corporation -Contribui\u00e7\u00e3o no artigo do jornal CBC &#8211; Canad\u00e1\"><img decoding=\"async\" width=\"200\" height=\"100\" src=\"https:\/\/iolandaandrade.com\/wp-content\/uploads\/2022\/02\/servicos-03-200x100.jpg\" class=\"attachment-thumbnail size-thumbnail wp-post-image\" alt=\"Non-Habitual Residents (RNH) regime application\" style=\"\" srcset=\"https:\/\/iolandaandrade.com\/wp-content\/uploads\/2022\/02\/servicos-03-200x100.jpg 200w, https:\/\/iolandaandrade.com\/wp-content\/uploads\/2022\/02\/servicos-03-650x325.jpg 650w, https:\/\/iolandaandrade.com\/wp-content\/uploads\/2022\/02\/servicos-03-768x384.jpg 768w, https:\/\/iolandaandrade.com\/wp-content\/uploads\/2022\/02\/servicos-03.jpg 800w\" sizes=\"(max-width: 200px) 100vw, 200px\" \/><\/a><\/div><a class=\"wp-block-latest-posts__post-title\" href=\"https:\/\/iolandaandrade.com\/en\/contribuicao-no-artigo-do-jornal-cbc-canada\/\">Contribution to CBC News &#8211; Canadian Broadcasting Corporation -Contribui\u00e7\u00e3o no artigo do jornal CBC &#8211; Canad\u00e1<\/a><time datetime=\"2024-08-18T12:49:02+00:00\" class=\"wp-block-latest-posts__post-date\">18\/08\/2024<\/time><\/li>\n<li><div class=\"wp-block-latest-posts__featured-image alignleft\"><a href=\"https:\/\/iolandaandrade.com\/en\/acao-judicial-aima\/\" aria-label=\"In what situations is it possible to take legal action against AIMA?\"><img decoding=\"async\" width=\"200\" height=\"100\" src=\"https:\/\/iolandaandrade.com\/wp-content\/uploads\/2023\/02\/fotos-artigos-site-1-200x100.jpg\" class=\"attachment-thumbnail size-thumbnail wp-post-image\" alt=\"job seeker visa portugal\" style=\"\" \/><\/a><\/div><a class=\"wp-block-latest-posts__post-title\" href=\"https:\/\/iolandaandrade.com\/en\/acao-judicial-aima\/\">In what situations is it possible to take legal action against AIMA?<\/a><time datetime=\"2024-08-17T09:01:13+00:00\" class=\"wp-block-latest-posts__post-date\">17\/08\/2024<\/time><\/li>\n<li><div class=\"wp-block-latest-posts__featured-image alignleft\"><a href=\"https:\/\/iolandaandrade.com\/en\/portuguese-nationality-civil-partnership\/\" aria-label=\"Acquisition of Portuguese nationality through civil partnership\"><img decoding=\"async\" width=\"200\" height=\"100\" src=\"https:\/\/iolandaandrade.com\/wp-content\/uploads\/2024\/01\/Screenshot-2024-01-23-at-11.31.20-200x100.png\" class=\"attachment-thumbnail size-thumbnail wp-post-image\" alt=\"portuguese nationality civil partnership\" style=\"\" \/><\/a><\/div><a class=\"wp-block-latest-posts__post-title\" href=\"https:\/\/iolandaandrade.com\/en\/portuguese-nationality-civil-partnership\/\">Acquisition of Portuguese nationality through civil partnership<\/a><time datetime=\"2024-01-19T21:03:03+00:00\" class=\"wp-block-latest-posts__post-date\">19\/01\/2024<\/time><\/li>\n<\/ul><\/div>\n\n\n\n<div class=\"wp-block-column is-layout-flow wp-block-column-is-layout-flow\">\n<h2 class=\"wp-block-heading\" id=\"contacte-nos\">Schedule your legal appointment<\/h2>\n\n\n\n\n<div class=\"wpcf7 no-js\" id=\"wpcf7-f350-o1\" lang=\"en-US\" dir=\"ltr\" data-wpcf7-id=\"350\">\n<div class=\"screen-reader-response\"><p role=\"status\" aria-live=\"polite\" aria-atomic=\"true\"><\/p> <ul><\/ul><\/div>\n<form action=\"\/en\/wp-json\/wp\/v2\/pages\/351#wpcf7-f350-o1\" method=\"post\" class=\"wpcf7-form init\" aria-label=\"Contact form\" novalidate=\"novalidate\" data-status=\"init\">\n<fieldset class=\"hidden-fields-container\"><input type=\"hidden\" name=\"_wpcf7\" value=\"350\" \/><input type=\"hidden\" name=\"_wpcf7_version\" value=\"6.1.5\" \/><input type=\"hidden\" name=\"_wpcf7_locale\" value=\"en_US\" \/><input type=\"hidden\" name=\"_wpcf7_unit_tag\" value=\"wpcf7-f350-o1\" \/><input type=\"hidden\" name=\"_wpcf7_container_post\" value=\"0\" \/><input type=\"hidden\" name=\"_wpcf7_posted_data_hash\" value=\"\" \/><input type=\"hidden\" name=\"_wpcf7_recaptcha_response\" value=\"\" \/>\n<\/fieldset>\n<p><label> Name<br \/>\n<span class=\"wpcf7-form-control-wrap\" data-name=\"your-name\"><input size=\"40\" maxlength=\"400\" class=\"wpcf7-form-control wpcf7-text wpcf7-validates-as-required\" aria-required=\"true\" aria-invalid=\"false\" value=\"\" type=\"text\" name=\"your-name\" \/><\/span> <\/label>\n<\/p>\n<p><label> Email<br \/>\n<span class=\"wpcf7-form-control-wrap\" data-name=\"your-email\"><input size=\"40\" maxlength=\"400\" class=\"wpcf7-form-control wpcf7-email wpcf7-validates-as-required wpcf7-text wpcf7-validates-as-email\" aria-required=\"true\" aria-invalid=\"false\" value=\"\" type=\"email\" name=\"your-email\" \/><\/span> <\/label>\n<\/p>\n<p><label> Leave your message<br \/>\n<span class=\"wpcf7-form-control-wrap\" data-name=\"your-message\"><textarea cols=\"40\" rows=\"10\" maxlength=\"2000\" class=\"wpcf7-form-control wpcf7-textarea wpcf7-validates-as-required\" aria-required=\"true\" aria-invalid=\"false\" placeholder=\"How can we help.\" name=\"your-message\"><\/textarea><\/span><\/label>\n<\/p>\n<p><span class=\"wpcf7-form-control-wrap\" data-name=\"acceptance-pp\"><span class=\"wpcf7-form-control wpcf7-acceptance\"><span class=\"wpcf7-list-item\"><label><input type=\"checkbox\" name=\"acceptance-pp\" value=\"1\" aria-invalid=\"false\" \/><span class=\"wpcf7-list-item-label\">I have read and accept the <a href=\"https:\/\/iolandaandrade.com\/en\/privacy-policy\/\" title=\"Privacy Policy\" target=\"_blank\" rel=\"noopener noreferrer\">Privacy Policy<\/a><\/span><\/label><\/span><\/span><\/span>\n<\/p>\n<p>[honeypot website-domain-ia \"website\"]\n<\/p>\n<p><input class=\"wpcf7-form-control wpcf7-submit has-spinner\" type=\"submit\" value=\"SUBMIT\" \/>\n<\/p><div class=\"wpcf7-response-output\" aria-hidden=\"true\"><\/div>\n<\/form>\n<\/div>\n\n\n\n\n<div style=\"height:25px\" aria-hidden=\"true\" class=\"wp-block-spacer\"><\/div>\n<\/div>\n<\/div>\n","protected":false},"excerpt":{"rendered":"<p>Portuguese immigration and citizenship lawyer Aware of the value that moving to another country has for the client, our office provides migratory legal consultancy services and personalized legal advice for those who wish to legally reside in Portugal and for those wishing to acquire Portuguese Citizenship, always looking for excellence, prompt and personalized service. We [&hellip;]<\/p>\n","protected":false},"author":1,"featured_media":61,"parent":0,"menu_order":0,"comment_status":"closed","ping_status":"closed","template":"","meta":{"footnotes":""},"class_list":["post-351","page","type-page","status-publish","has-post-thumbnail","hentry"],"blocksy_meta":{"styles_descriptor":{"styles":{"desktop":"[data-prefix=\"single_page\"] [class*=\"ct-container\"] > article[class*=\"post\"] {--has-boxed:var(--false);--has-wide:var(--true);}","tablet":"","mobile":""},"google_fonts":[],"version":6},"page_title_panel":"","has_hero_section":"disabled","fef175e5b2a86e86dbd84d6542336360":"","hero_section":"type-1","hero_elements":[{"id":"custom_title","enabled":true,"heading_tag":"h1","title":"Home"},{"id":"custom_description","enabled":true,"description_visibility":{"desktop":true,"tablet":true,"mobile":false}},{"id":"custom_meta","enabled":false,"meta_elements":[{"id":"author","enabled":true,"label":"By","has_author_avatar":"yes","avatar_size":25},{"id":"post_date","enabled":true,"label":"On","date_format_source":"default","date_format":"M j, Y"},{"id":"updated_date","enabled":false,"label":"On","date_format_source":"default","date_format":"M j, Y"},{"id":"categories","enabled":false,"label":"In","style":"simple"},{"id":"comments","enabled":true}],"page_meta_elements":{"joined":true,"articles_count":true,"comments":true}},{"id":"breadcrumbs","enabled":false}],"cbf85ce2a0e61e74b48660d10ef9980c":"","hero_alignment1":"CT_CSS_SKIP_RULE","hero_margin":40,"hero_alignment2":"center","hero_vertical_alignment":"center","0a7d164038cc9362b19ddc83dbb5ce55":"","hero_structure":"narrow","1c7f058b4f4d7f780496942fb699dc83":"","page_title_bg_type":"featured_image","custom_hero_background":{"attachment_id":null},"parallax":{"desktop":false,"tablet":false,"mobile":false},"c4651451243a89ca423d348f7526ed57":"","hero_height":"250px","pageTitleFont":{"family":"Default","variation":"Default","size":"30px","line-height":"CT_CSS_SKIP_RULE","letter-spacing":"CT_CSS_SKIP_RULE","text-transform":"CT_CSS_SKIP_RULE","text-decoration":"CT_CSS_SKIP_RULE"},"pageTitleFontColor":{"default":{"color":"CT_CSS_SKIP_RULEDEFAULT"}},"pageMetaFont":{"family":"Default","variation":"n6","size":"12px","line-height":"1.3","letter-spacing":"CT_CSS_SKIP_RULE","text-transform":"uppercase","text-decoration":"CT_CSS_SKIP_RULE"},"pageMetaFontColor":{"default":{"color":"CT_CSS_SKIP_RULEDEFAULT"},"hover":{"color":"CT_CSS_SKIP_RULEDEFAULT"}},"page_meta_button_type_font_colors":{"default":{"color":"CT_CSS_SKIP_RULEDEFAULT"},"hover":{"color":"CT_CSS_SKIP_RULEDEFAULT"}},"page_meta_button_type_background_colors":{"default":{"color":"CT_CSS_SKIP_RULEDEFAULT"},"hover":{"color":"CT_CSS_SKIP_RULEDEFAULT"}},"pageExcerptFont":{"family":"Default","variation":"Default","size":"CT_CSS_SKIP_RULE","line-height":"CT_CSS_SKIP_RULE","letter-spacing":"CT_CSS_SKIP_RULE","text-transform":"CT_CSS_SKIP_RULE","text-decoration":"CT_CSS_SKIP_RULE"},"pageExcerptColor":{"default":{"color":"CT_CSS_SKIP_RULEDEFAULT"}},"breadcrumbsFont":{"family":"Default","variation":"Default","size":"CT_CSS_SKIP_RULE","line-height":"CT_CSS_SKIP_RULE","letter-spacing":"CT_CSS_SKIP_RULE","text-transform":"CT_CSS_SKIP_RULE","text-decoration":"CT_CSS_SKIP_RULE"},"breadcrumbsFontColor":{"default":{"color":"CT_CSS_SKIP_RULEDEFAULT"},"initial":{"color":"CT_CSS_SKIP_RULEDEFAULT"},"hover":{"color":"CT_CSS_SKIP_RULEDEFAULT"}},"pageTitleOverlay":{"background_type":"color","background_pattern":"type-1","background_image":{"attachment_id":null,"x":0,"y":0},"gradient":"linear-gradient(135deg,rgba(6,147,227,1) 0%,rgb(155,81,224) 100%)","background_repeat":"repeat","background_size":"auto","background_attachment":"scroll","patternColor":{"default":{"color":"#e5e7ea"}},"overlayColor":{"default":{"color":"CT_CSS_SKIP_RULE"}},"backgroundColor":{"default":{"color":"CT_CSS_SKIP_RULE"}}},"pageTitleBackground":{"background_type":"color","background_pattern":"type-1","background_image":{"attachment_id":null,"x":0,"y":0},"gradient":"linear-gradient(135deg,rgba(6,147,227,1) 0%,rgb(155,81,224) 100%)","background_repeat":"repeat","background_size":"auto","background_attachment":"scroll","patternColor":{"default":{"color":"#e5e7ea"}},"overlayColor":{"default":{"color":"CT_CSS_SKIP_RULE"}},"backgroundColor":{"default":{"color":"var(--theme-palette-color-6)"}}},"pageTitlePadding":{"top":"50px","bottom":"50px","left":"auto","right":"auto","linked":true},"f5f781a74551b10fab9a7274e82c95cc":"","page_structure_type":"default","6d749b6e36d79db5099327ac0b8e6dbc":"","content_style_source":"custom","content_style":{"0":"w","1":"i","2":"d","3":"e","desktop":"wide","tablet":"wide","mobile":"wide","__changed":[]},"vertical_spacing_source":"custom","content_area_spacing":"bottom","background":{"background_type":"color","background_pattern":"type-1","background_image":{"attachment_id":null,"x":0,"y":0},"gradient":"linear-gradient(135deg,rgba(6,147,227,1) 0%,rgb(155,81,224) 100%)","background_repeat":"repeat","background_size":"auto","background_attachment":"scroll","patternColor":{"default":{"color":"#e5e7ea"}},"overlayColor":{"default":{"color":"CT_CSS_SKIP_RULE"}},"backgroundColor":{"default":{"color":"CT_CSS_SKIP_RULE"}}},"content_background":{"background_type":"color","background_pattern":"type-1","background_image":{"attachment_id":null,"x":0,"y":0},"gradient":"linear-gradient(135deg,rgba(6,147,227,1) 0%,rgb(155,81,224) 100%)","background_repeat":"repeat","background_size":"auto","background_attachment":"scroll","patternColor":{"default":{"color":"#e5e7ea"}},"overlayColor":{"default":{"color":"CT_CSS_SKIP_RULE"}},"backgroundColor":{"default":{"color":"var(--theme-palette-color-8)"}}},"content_boxed_shadow":{"inherit":false,"blur":18,"spread":-6,"v_offset":12,"h_offset":0,"inset":false,"enable":true,"color":{"color":"rgba(34, 56, 101, 0.04)"}},"boxed_content_spacing":{"desktop":{"top":"40px","bottom":"40px","left":"40px","right":"40px","linked":true},"tablet":{"top":"35px","bottom":"35px","left":"35px","right":"35px","linked":true},"mobile":{"top":"20px","bottom":"20px","left":"20px","right":"20px","linked":true}},"content_boxed_radius":{"top":"3px","bottom":"3px","left":"3px","right":"3px","linked":true},"48a77ab062a7e1f4a318011f9b549131":"","disable_featured_image":"yes","disable_share_box":"no","disable_header":"no","disable_footer":"no","8938135bf42e17308d957ed82a57da4b":"","4888ccee101fde7d211785223dfd852d":"","b04f62bb4df82aa70c15db0ba8302d3d":"","786136bc182b0de9a7250e42a92b7a82":"","page_title_image_size":"full","e60d0b7bcc05fc63a75acafabcd544e8":"","4b6f34d3a94620dbee83a978359ae914":"","1d130023786c9fad2108e137c4556b48":"","bb44db867949f62e296c033cd81e867d":""},"yoast_head":"<!-- This site is optimized with the Yoast SEO plugin v27.5 - https:\/\/yoast.com\/product\/yoast-seo-wordpress\/ -->\n<title>Iolanda Andrade | Immigration Lawyer and Services in Portugal<\/title>\n<meta name=\"description\" content=\"Iolanda Andrade - Portuguese immigration and citizenship lawyer. Various services, including legally residing in Portugal.\" \/>\n<meta name=\"robots\" content=\"index, follow, max-snippet:-1, max-image-preview:large, max-video-preview:-1\" \/>\n<link rel=\"canonical\" href=\"https:\/\/iolandaandrade.com\/en\/\" \/>\n<meta property=\"og:locale\" content=\"en_US\" \/>\n<meta property=\"og:type\" content=\"article\" \/>\n<meta property=\"og:title\" content=\"Iolanda Andrade | Immigration Lawyer and Services in Portugal\" \/>\n<meta property=\"og:description\" content=\"Iolanda Andrade - Portuguese immigration and citizenship lawyer. Various services, including legally residing in Portugal.\" \/>\n<meta property=\"og:url\" content=\"https:\/\/iolandaandrade.com\/en\/\" \/>\n<meta property=\"og:site_name\" content=\"Iolanda Andrade\" \/>\n<meta property=\"article:modified_time\" content=\"2022-02-22T15:22:55+00:00\" \/>\n<meta property=\"og:image\" content=\"https:\/\/iolandaandrade.com\/wp-content\/uploads\/2022\/02\/ioolanda_andrade.webp\" \/>\n\t<meta property=\"og:image:width\" content=\"1920\" \/>\n\t<meta property=\"og:image:height\" content=\"1280\" \/>\n\t<meta property=\"og:image:type\" content=\"image\/webp\" \/>\n<meta name=\"twitter:label1\" content=\"Est. reading time\" \/>\n\t<meta name=\"twitter:data1\" content=\"1 minute\" \/>\n<script type=\"application\/ld+json\" class=\"yoast-schema-graph\">{\"@context\":\"https:\\\/\\\/schema.org\",\"@graph\":[{\"@type\":\"WebPage\",\"@id\":\"https:\\\/\\\/iolandaandrade.com\\\/en\\\/\",\"url\":\"https:\\\/\\\/iolandaandrade.com\\\/en\\\/\",\"name\":\"Iolanda Andrade | Immigration Lawyer and Services in Portugal\",\"isPartOf\":{\"@id\":\"https:\\\/\\\/iolandaandrade.com\\\/en\\\/#website\"},\"primaryImageOfPage\":{\"@id\":\"https:\\\/\\\/iolandaandrade.com\\\/en\\\/#primaryimage\"},\"image\":{\"@id\":\"https:\\\/\\\/iolandaandrade.com\\\/en\\\/#primaryimage\"},\"thumbnailUrl\":\"https:\\\/\\\/iolandaandrade.com\\\/wp-content\\\/uploads\\\/2022\\\/02\\\/ioolanda_andrade.webp\",\"datePublished\":\"2022-02-02T10:44:19+00:00\",\"dateModified\":\"2022-02-22T15:22:55+00:00\",\"description\":\"Iolanda Andrade - Portuguese immigration and citizenship lawyer. Various services, including legally residing in Portugal.\",\"breadcrumb\":{\"@id\":\"https:\\\/\\\/iolandaandrade.com\\\/en\\\/#breadcrumb\"},\"inLanguage\":\"en-US\",\"potentialAction\":[{\"@type\":\"ReadAction\",\"target\":[\"https:\\\/\\\/iolandaandrade.com\\\/en\\\/\"]}]},{\"@type\":\"ImageObject\",\"inLanguage\":\"en-US\",\"@id\":\"https:\\\/\\\/iolandaandrade.com\\\/en\\\/#primaryimage\",\"url\":\"https:\\\/\\\/iolandaandrade.com\\\/wp-content\\\/uploads\\\/2022\\\/02\\\/ioolanda_andrade.webp\",\"contentUrl\":\"https:\\\/\\\/iolandaandrade.com\\\/wp-content\\\/uploads\\\/2022\\\/02\\\/ioolanda_andrade.webp\",\"width\":1920,\"height\":1280,\"caption\":\"Iolanda Andrade - Lawyer\"},{\"@type\":\"BreadcrumbList\",\"@id\":\"https:\\\/\\\/iolandaandrade.com\\\/en\\\/#breadcrumb\",\"itemListElement\":[{\"@type\":\"ListItem\",\"position\":1,\"name\":\"Home\",\"item\":\"https:\\\/\\\/iolandaandrade.com\\\/en\\\/\"},{\"@type\":\"ListItem\",\"position\":2,\"name\":\"Homepage\"}]},{\"@type\":\"WebSite\",\"@id\":\"https:\\\/\\\/iolandaandrade.com\\\/en\\\/#website\",\"url\":\"https:\\\/\\\/iolandaandrade.com\\\/en\\\/\",\"name\":\"Iolanda Andrade\",\"description\":\"Lawyer\",\"publisher\":{\"@id\":\"https:\\\/\\\/iolandaandrade.com\\\/en\\\/#organization\"},\"potentialAction\":[{\"@type\":\"SearchAction\",\"target\":{\"@type\":\"EntryPoint\",\"urlTemplate\":\"https:\\\/\\\/iolandaandrade.com\\\/en\\\/?s={search_term_string}\"},\"query-input\":{\"@type\":\"PropertyValueSpecification\",\"valueRequired\":true,\"valueName\":\"search_term_string\"}}],\"inLanguage\":\"en-US\"},{\"@type\":\"Organization\",\"@id\":\"https:\\\/\\\/iolandaandrade.com\\\/en\\\/#organization\",\"name\":\"IOLANDA ANDRADE, Lawyer\",\"url\":\"https:\\\/\\\/iolandaandrade.com\\\/en\\\/\",\"logo\":{\"@type\":\"ImageObject\",\"inLanguage\":\"en-US\",\"@id\":\"https:\\\/\\\/iolandaandrade.com\\\/en\\\/#\\\/schema\\\/logo\\\/image\\\/\",\"url\":\"https:\\\/\\\/iolandaandrade.com\\\/wp-content\\\/uploads\\\/2022\\\/02\\\/logo-iolanda-andrade.png\",\"contentUrl\":\"https:\\\/\\\/iolandaandrade.com\\\/wp-content\\\/uploads\\\/2022\\\/02\\\/logo-iolanda-andrade.png\",\"width\":351,\"height\":50,\"caption\":\"IOLANDA ANDRADE, Lawyer\"},\"image\":{\"@id\":\"https:\\\/\\\/iolandaandrade.com\\\/en\\\/#\\\/schema\\\/logo\\\/image\\\/\"}}]}<\/script>\n<!-- \/ Yoast SEO plugin. -->","yoast_head_json":{"title":"Iolanda Andrade | Immigration Lawyer and Services in Portugal","description":"Iolanda Andrade - Portuguese immigration and citizenship lawyer. Various services, including legally residing in Portugal.","robots":{"index":"index","follow":"follow","max-snippet":"max-snippet:-1","max-image-preview":"max-image-preview:large","max-video-preview":"max-video-preview:-1"},"canonical":"https:\/\/iolandaandrade.com\/en\/","og_locale":"en_US","og_type":"article","og_title":"Iolanda Andrade | Immigration Lawyer and Services in Portugal","og_description":"Iolanda Andrade - Portuguese immigration and citizenship lawyer. Various services, including legally residing in Portugal.","og_url":"https:\/\/iolandaandrade.com\/en\/","og_site_name":"Iolanda Andrade","article_modified_time":"2022-02-22T15:22:55+00:00","og_image":[{"width":1920,"height":1280,"url":"https:\/\/iolandaandrade.com\/wp-content\/uploads\/2022\/02\/ioolanda_andrade.webp","type":"image\/webp"}],"twitter_misc":{"Est. reading time":"1 minute"},"schema":{"@context":"https:\/\/schema.org","@graph":[{"@type":"WebPage","@id":"https:\/\/iolandaandrade.com\/en\/","url":"https:\/\/iolandaandrade.com\/en\/","name":"Iolanda Andrade | Immigration Lawyer and Services in Portugal","isPartOf":{"@id":"https:\/\/iolandaandrade.com\/en\/#website"},"primaryImageOfPage":{"@id":"https:\/\/iolandaandrade.com\/en\/#primaryimage"},"image":{"@id":"https:\/\/iolandaandrade.com\/en\/#primaryimage"},"thumbnailUrl":"https:\/\/iolandaandrade.com\/wp-content\/uploads\/2022\/02\/ioolanda_andrade.webp","datePublished":"2022-02-02T10:44:19+00:00","dateModified":"2022-02-22T15:22:55+00:00","description":"Iolanda Andrade - Portuguese immigration and citizenship lawyer. Various services, including legally residing in Portugal.","breadcrumb":{"@id":"https:\/\/iolandaandrade.com\/en\/#breadcrumb"},"inLanguage":"en-US","potentialAction":[{"@type":"ReadAction","target":["https:\/\/iolandaandrade.com\/en\/"]}]},{"@type":"ImageObject","inLanguage":"en-US","@id":"https:\/\/iolandaandrade.com\/en\/#primaryimage","url":"https:\/\/iolandaandrade.com\/wp-content\/uploads\/2022\/02\/ioolanda_andrade.webp","contentUrl":"https:\/\/iolandaandrade.com\/wp-content\/uploads\/2022\/02\/ioolanda_andrade.webp","width":1920,"height":1280,"caption":"Iolanda Andrade - Lawyer"},{"@type":"BreadcrumbList","@id":"https:\/\/iolandaandrade.com\/en\/#breadcrumb","itemListElement":[{"@type":"ListItem","position":1,"name":"Home","item":"https:\/\/iolandaandrade.com\/en\/"},{"@type":"ListItem","position":2,"name":"Homepage"}]},{"@type":"WebSite","@id":"https:\/\/iolandaandrade.com\/en\/#website","url":"https:\/\/iolandaandrade.com\/en\/","name":"Iolanda Andrade","description":"Lawyer","publisher":{"@id":"https:\/\/iolandaandrade.com\/en\/#organization"},"potentialAction":[{"@type":"SearchAction","target":{"@type":"EntryPoint","urlTemplate":"https:\/\/iolandaandrade.com\/en\/?s={search_term_string}"},"query-input":{"@type":"PropertyValueSpecification","valueRequired":true,"valueName":"search_term_string"}}],"inLanguage":"en-US"},{"@type":"Organization","@id":"https:\/\/iolandaandrade.com\/en\/#organization","name":"IOLANDA ANDRADE, Lawyer","url":"https:\/\/iolandaandrade.com\/en\/","logo":{"@type":"ImageObject","inLanguage":"en-US","@id":"https:\/\/iolandaandrade.com\/en\/#\/schema\/logo\/image\/","url":"https:\/\/iolandaandrade.com\/wp-content\/uploads\/2022\/02\/logo-iolanda-andrade.png","contentUrl":"https:\/\/iolandaandrade.com\/wp-content\/uploads\/2022\/02\/logo-iolanda-andrade.png","width":351,"height":50,"caption":"IOLANDA ANDRADE, Lawyer"},"image":{"@id":"https:\/\/iolandaandrade.com\/en\/#\/schema\/logo\/image\/"}}]}},"_links":{"self":[{"href":"https:\/\/iolandaandrade.com\/en\/wp-json\/wp\/v2\/pages\/351","targetHints":{"allow":["GET"]}}],"collection":[{"href":"https:\/\/iolandaandrade.com\/en\/wp-json\/wp\/v2\/pages"}],"about":[{"href":"https:\/\/iolandaandrade.com\/en\/wp-json\/wp\/v2\/types\/page"}],"author":[{"embeddable":true,"href":"https:\/\/iolandaandrade.com\/en\/wp-json\/wp\/v2\/users\/1"}],"replies":[{"embeddable":true,"href":"https:\/\/iolandaandrade.com\/en\/wp-json\/wp\/v2\/comments?post=351"}],"version-history":[{"count":3,"href":"https:\/\/iolandaandrade.com\/en\/wp-json\/wp\/v2\/pages\/351\/revisions"}],"predecessor-version":[{"id":583,"href":"https:\/\/iolandaandrade.com\/en\/wp-json\/wp\/v2\/pages\/351\/revisions\/583"}],"wp:featuredmedia":[{"embeddable":true,"href":"https:\/\/iolandaandrade.com\/en\/wp-json\/wp\/v2\/media\/61"}],"wp:attachment":[{"href":"https:\/\/iolandaandrade.com\/en\/wp-json\/wp\/v2\/media?parent=351"}],"curies":[{"name":"wp","href":"https:\/\/api.w.org\/{rel}","templated":true}]}}